{"id":1565,"date":"2022-03-01T08:04:31","date_gmt":"2022-03-01T08:04:31","guid":{"rendered":"https:\/\/seofy.wgl-demo.net\/?page_id=1565"},"modified":"2022-05-30T09:38:55","modified_gmt":"2022-05-30T09:38:55","slug":"tr","status":"publish","type":"page","link":"https:\/\/rossotrading.com\/tr\/","title":{"rendered":"Anasayfa"},"content":{"rendered":"[vc_row css=&#8221;.vc_custom_1647638203667{margin-top: -40px !important;}&#8221;][vc_column]\n\t\t\t<!-- START it agency REVOLUTION SLIDER 6.5.11 --><p class=\"rs-p-wp-fix\"><\/p>\n\t\t\t<rs-module-wrap id=\"rev_slider_6_1_wrapper\" data-source=\"gallery\" style=\"visibility:hidden;background:transparent;padding:0;margin:0px auto;margin-top:0;margin-bottom:0;\">\n\t\t\t\t<rs-module id=\"rev_slider_6_1\" style=\"\" data-version=\"6.5.11\">\n\t\t\t\t\t<rs-slides>\n\t\t\t\t\t\t<rs-slide style=\"position: absolute;\" data-key=\"rs-8\" data-title=\"Slide\" data-in=\"o:0;y:(-100%);col:5;\" data-out=\"a:false;\">\n\t\t\t\t\t\t\t<img loading=\"lazy\" decoding=\"async\" src=\"\/\/rossotrading.com\/wp-content\/plugins\/revslider\/public\/assets\/assets\/dummy.png\" title=\"Banner Tasar\u0131m\u0131 1920 X 394 px (1920 \u00d7 700 piksel)\" width=\"1920\" height=\"700\" class=\"rev-slidebg tp-rs-img rs-lazyload\" data-lazyload=\"\/\/rossotrading.com\/wp-content\/uploads\/2022\/05\/Banner-Tasarimi-1920-X-394-px-1920-\u00d7-700-piksel-1.png\" data-parallax=\"off\" data-no-retina>\n<!--\n\t\t\t\t\t\t\t--><rs-layer\n\t\t\t\t\t\t\t\tid=\"slider-6-slide-8-layer-2\" \n\t\t\t\t\t\t\t\tdata-type=\"text\"\n\t\t\t\t\t\t\t\tdata-rsp_ch=\"on\"\n\t\t\t\t\t\t\t\tdata-xy=\"x:c;xo:0,1px,12px,6px;y:m,t,t,t;yo:-19px,301px,182px,169px;\"\n\t\t\t\t\t\t\t\tdata-text=\"w:normal;s:48,42,36,30;l:62,52,42,36;fw:800;a:center;\"\n\t\t\t\t\t\t\t\tdata-dim=\"w:939px,853px,399px,365px;h:185px,223px,120px,109px;\"\n\t\t\t\t\t\t\t\tdata-frame_0=\"y:50px;\"\n\t\t\t\t\t\t\t\tdata-frame_1=\"st:700;sp:1100;sR:700;\"\n\t\t\t\t\t\t\t\tdata-frame_999=\"o:0;st:w;sR:7200;\"\n\t\t\t\t\t\t\t\tstyle=\"z-index:5;font-family:'Nunito Sans';\"\n\t\t\t\t\t\t\t> \n\t\t\t\t\t\t\t<\/rs-layer><!--\n\n\t\t\t\t\t\t\t--><rs-layer\n\t\t\t\t\t\t\t\tid=\"slider-6-slide-8-layer-28\" \n\t\t\t\t\t\t\t\tclass=\"rev-btn\"\n\t\t\t\t\t\t\t\tdata-type=\"button\"\n\t\t\t\t\t\t\t\tdata-color=\"rgba(255,255,255,1)\"\n\t\t\t\t\t\t\t\tdata-rsp_ch=\"on\"\n\t\t\t\t\t\t\t\tdata-xy=\"x:c;xo:102px,1px,1px,1px;yo:499px,533px,460px,450px;\"\n\t\t\t\t\t\t\t\tdata-text=\"s:16;l:16;ls:0px,1px,1px,1px;fw:400,800,800,800;a:center,center,inherit,inherit;\"\n\t\t\t\t\t\t\t\tdata-padding=\"t:20;r:20,36,36,36;b:20;l:20,36,36,36;\"\n\t\t\t\t\t\t\t\tdata-border=\"bor:5px,5px,5px,5px;\"\n\t\t\t\t\t\t\t\tdata-frame_1=\"e:power2.inOut;st:1410;sp:2000;sR:1410;\"\n\t\t\t\t\t\t\t\tdata-frame_999=\"o:0;e:power2.inOut;st:w;sR:5590;\"\n\t\t\t\t\t\t\t\tdata-frame_hover=\"c:#252525;bgc:#fff;boc:rgba(255,255,255,0.3);bor:5px,5px,5px,5px;bos:solid;bow:1,1,1,1;oX:50;oY:50;e:none;\"\n\t\t\t\t\t\t\t\tstyle=\"z-index:8;background-color:rgba(255,255,255,0);font-family:'Nunito Sans';cursor:pointer;outline:none;box-shadow:none;box-sizing:border-box;-moz-box-sizing:border-box;-webkit-box-sizing:border-box;\"\n\t\t\t\t\t\t\t> \n\t\t\t\t\t\t\t<\/rs-layer><!--\n-->\t\t\t\t\t\t<\/rs-slide>\n\t\t\t\t\t<\/rs-slides>\n\t\t\t\t<\/rs-module>\n\t\t\t\t<script type=\"text\/javascript\">\n\t\t\t\t\tsetREVStartSize({c: 'rev_slider_6_1',rl:[1240,1024,778,480],el:[860,750,700,700],gw:[1200,1024,778,480],gh:[860,750,700,700],type:'standard',justify:'',layout:'fullwidth',mh:\"0\"});if (window.RS_MODULES!==undefined && window.RS_MODULES.modules!==undefined && window.RS_MODULES.modules[\"revslider61\"]!==undefined) {window.RS_MODULES.modules[\"revslider61\"].once = false;window.revapi6 = undefined;if (window.RS_MODULES.checkMinimal!==undefined) window.RS_MODULES.checkMinimal()}\n\t\t\t\t<\/script>\n\t\t\t<\/rs-module-wrap>\n\t\t\t<!-- END REVOLUTION SLIDER -->\n[\/vc_column][\/vc_row][vc_row css=&#8221;.vc_custom_1647638129573{border-radius: 5px !important;}&#8221; add_extended=&#8221;true&#8221; values=&#8221;%5B%7B%22extended_animation%22%3A%22parallax%22%2C%22figure_color%22%3A%22%23ffffff%22%2C%22drop_colors%22%3A%22one_color%22%2C%22part_color%22%3A%22%23ff7e00%22%2C%22part_color_1%22%3A%22%23ff7e00%22%2C%22part_color_2%22%3A%22%233224e9%22%2C%22part_color_3%22%3A%22%2369e9f2%22%2C%22extended_animation_pos_vertical%22%3A%2250%22%2C%22extended_animation_pos_horizont%22%3A%2250%22%2C%22sphere_width%22%3A%22100%22%2C%22particles_number%22%3A%2250%22%2C%22particles_size%22%3A%2210%22%2C%22particles_speed%22%3A%222%22%2C%22hover_anim%22%3A%22grab%22%2C%22image_bg%22%3A%221605%22%2C%22parallax_dir%22%3A%22vertical%22%2C%22parallax_factor%22%3A%220.2%22%2C%22particles_position_top%22%3A%22-40%22%2C%22particles_position_left%22%3A%22-50000%22%2C%22particles_width%22%3A%22100%22%2C%22particles_height%22%3A%22100%22%7D%5D&#8221; el_class=&#8221;extended-parallax-hide&#8221;][vc_column css=&#8221;.vc_custom_1553435478558{padding-top: 0px !important;padding-right: 80px !important;padding-left: 80px !important;background-color: #ffffff !important;border-radius: 5px !important;}&#8221; el_class=&#8221;.box-shadow&#8221;][wgl_spacing spacer_size=&#8221;45&#8243;][vc_row_inner el_class=&#8221;infobox-custom-line&#8221;][vc_column_inner width=&#8221;1\/3&#8243;][wgl_info_box ib_type=&#8221;bordered&#8221; ib_align=&#8221;center&#8221; icon_type=&#8221;font&#8221; icon_font_type=&#8221;type_flaticon&#8221; icon_flaticon=&#8221;flaticon-send-1&#8243; icon_color_idle=&#8221;#b70000&#8243; border_color=&#8221;#dee0ea&#8221; border_color_hover=&#8221;#dee0ea&#8221; ib_title=&#8221;H\u0131zl\u0131 Teslimat&#8221; ib_content=&#8221;M\u00fc\u015fteri memnuniyetini g\u00f6z \u00f6n\u00fcnde bulundurarak, d\u00fcnyaca \u00fcnl\u00fc markalar\u0131 g\u00fcvenli bir \u015fekilde uygun fiyatlarla d\u00fcnyaya ihra\u00e7 ediyoruz.&#8221; custom_icon_color=&#8221;true&#8221; custom_icon_bg_width=&#8221;100&#8243; custom_icon_bg_height=&#8221;100&#8243; custom_icon_radius=&#8221;100&#8243; border_width=&#8221;1&#8243; custom_border_color=&#8221;true&#8221; custom_icon_size=&#8221;40&#8243; custom_icon_bot_offset=&#8221;20&#8243;][wgl_spacing spacer_size=&#8221;30px&#8221;][\/vc_column_inner][vc_column_inner width=&#8221;1\/3&#8243;][wgl_info_box ib_type=&#8221;bordered&#8221; ib_align=&#8221;center&#8221; icon_type=&#8221;font&#8221; icon_font_type=&#8221;type_flaticon&#8221; icon_flaticon=&#8221;flaticon-report&#8221; icon_color_idle=&#8221;#b70000&#8243; border_color=&#8221;#dee0ea&#8221; border_color_hover=&#8221;#dee0ea&#8221; ib_title=&#8221;Uygun Fiyat Garantisi&#8221; ib_content=&#8221;Kurumsal m\u00fc\u015fterimiz olarak g\u00f6nderilerinizi daha uygun fiyatlarla olu\u015fturun ve avantajlardan faydalan\u0131n.&#8221; custom_icon_color=&#8221;true&#8221; custom_icon_bg_width=&#8221;100&#8243; custom_icon_bg_height=&#8221;100&#8243; custom_icon_radius=&#8221;100&#8243; border_width=&#8221;1&#8243; custom_border_color=&#8221;true&#8221; custom_icon_size=&#8221;40&#8243; custom_icon_bot_offset=&#8221;20&#8243;][wgl_spacing spacer_size=&#8221;30px&#8221;][\/vc_column_inner][vc_column_inner width=&#8221;1\/3&#8243;][wgl_info_box ib_type=&#8221;bordered&#8221; ib_align=&#8221;center&#8221; icon_type=&#8221;font&#8221; icon_font_type=&#8221;type_flaticon&#8221; icon_flaticon=&#8221;flaticon-acceptance-circular-button&#8221; icon_color_idle=&#8221;#b70000&#8243; border_color=&#8221;#dee0ea&#8221; border_color_hover=&#8221;#dee0ea&#8221; ib_title=&#8221;Orjinal \u00dcr\u00fcn Garantisi&#8221; ib_content=&#8221;Rosso trading tedarik ettigi urunlerin orjinalli\u011fi ve son kullanma tarihlerinin ge\u00e7erlili\u011fi konusunda %100 garanti vermektedir.&#8221; custom_icon_color=&#8221;true&#8221; custom_icon_bg_width=&#8221;100&#8243; custom_icon_bg_height=&#8221;100&#8243; custom_icon_radius=&#8221;100&#8243; border_width=&#8221;1&#8243; custom_border_color=&#8221;true&#8221; custom_icon_size=&#8221;40&#8243; custom_icon_bot_offset=&#8221;20&#8243;][wgl_spacing spacer_size=&#8221;30px&#8221;][\/vc_column_inner][\/vc_row_inner][wgl_spacing spacer_size=&#8221;10px&#8221;][wgl_divider height=&#8221;2px&#8221; divider_color=&#8221;#ececec&#8221; divider_line_alignment=&#8221;center&#8221; divider_line_color=&#8221;#bf0600&#8243; add_divider_line=&#8221;true&#8221;][\/vc_column][\/vc_row][vc_row full_width=&#8221;stretch_row&#8221; css=&#8221;.vc_custom_1553514882093{background-image: url(https:\/\/rossotrading.com\/wp-content\/uploads\/2019\/03\/home-4-section-2.jpg?id=1615) !important;background-position: center !important;background-repeat: no-repeat !important;background-size: cover !important;}&#8221;][vc_column][wgl_spacing spacer_size=&#8221;60&#8243;][vc_row_inner content_placement=&#8221;middle&#8221;][vc_column_inner offset=&#8221;vc_col-lg-5 vc_col-md-12&#8243;][wgl_double_headings title_color=&#8221;#252525&#8243; subtitle_color=&#8221;#ff7d00&#8243; title=&#8221;Rosso, y\u00fcksek kalitedeki markal\u0131 FMCG \u00fcr\u00fcnlerinin, T\u00fcrkiye merkezli ihracat\u00e7\u0131s\u0131, ithalat\u00e7\u0131s\u0131 ve distrib\u00fct\u00f6r\u00fcd\u00fcr.&#8221;][wgl_spacing spacer_size=&#8221;20&#8243;][wgl_spacing spacer_size=&#8221;40&#8243;][wgl_spacing spacer_size=&#8221;40&#8243;][\/vc_column_inner][vc_column_inner width=&#8221;1\/2&#8243; offset=&#8221;vc_col-lg-offset-1 vc_col-lg-3 vc_col-md-6&#8243;][wgl_spacing spacer_size=&#8221;30px&#8221;][wgl_flip_box front_bg_style=&#8221;front_image&#8221; back_bg_color=&#8221;#cc1b00&#8243; add_back_logo_image=&#8221;&#8221; read_more_text=&#8221;\u0130ncele&#8221; button_icon_fontawesome=&#8221;fas fa-angle-double-right&#8221; front_bg_image=&#8221;3645&#8243; back_descr=&#8221;GIDA&#8221; add_read_more=&#8221;true&#8221; link=&#8221;url:https%3A%2F%2Frossotrading.com%2Ftr%2Fgida%2F|title:https%3A%2F%2Frossotrading.com%2Ftr%2Fgida%2F&#8221; add_icon_button=&#8221;true&#8221;][wgl_spacing spacer_size=&#8221;30px&#8221;][wgl_flip_box fb_dir=&#8221;flip_top&#8221; front_bg_style=&#8221;front_image&#8221; back_bg_color=&#8221;#db0000&#8243; add_back_logo_image=&#8221;&#8221; read_more_text=&#8221;\u0130ncele&#8221; back_descr=&#8221;D\u0130\u011eER&#8221; front_bg_image=&#8221;3668&#8243; add_read_more=&#8221;true&#8221; link=&#8221;url:https%3A%2F%2Frossotrading.com%2Ftr%2Fgida-disi%2F|title:https%3A%2F%2Frossotrading.com%2Ftr%2Fgida-disi%2F&#8221;][\/vc_column_inner][vc_column_inner width=&#8221;1\/2&#8243; offset=&#8221;vc_col-lg-3 vc_col-md-6&#8243;][wgl_spacing spacer_size=&#8221;0&#8243; responsive_mobile=&#8221;true&#8221; size_mobile=&#8221;31&#8243;][wgl_flip_box fb_dir=&#8221;flip_left&#8221; front_bg_style=&#8221;front_image&#8221; back_bg_color=&#8221;#e02500&#8243; add_back_logo_image=&#8221;&#8221; read_more_text=&#8221;\u0130ncele&#8221; front_bg_image=&#8221;3656&#8243; back_descr=&#8221;\u0130\u00c7ECEK&#8221; add_read_more=&#8221;true&#8221; link=&#8221;url:https%3A%2F%2Frossotrading.com%2Ftr%2Ficecek%2F|title:https%3A%2F%2Frossotrading.com%2Ftr%2Ficecek%2F&#8221;][wgl_spacing spacer_size=&#8221;30px&#8221;][\/vc_column_inner][\/vc_row_inner][\/vc_column][\/vc_row][vc_row][vc_column][wgl_divider height=&#8221;2px&#8221; divider_color=&#8221;#ececec&#8221; divider_line_alignment=&#8221;center&#8221; divider_line_color=&#8221;#ba0000&#8243; add_divider_line=&#8221;true&#8221;][\/vc_column][\/vc_row]\n","protected":false},"excerpt":{"rendered":"<p>[vc_row css=&#8221;.vc_custom_1647638203667{margin-top: -40px !important;}&#8221;][vc_column][\/vc_column][\/vc_row][vc_row css=&#8221;.vc_custom_1647638129573{border-radius: 5px !important;}&#8221; add_extended=&#8221;true&#8221; values=&#8221;%5B%7B%22extended_animation%22%3A%22parallax%22%2C%22figure_color%22%3A%22%23ffffff%22%2C%22drop_colors%22%3A%22one_color%22%2C%22part_color%22%3A%22%23ff7e00%22%2C%22part_color_1%22%3A%22%23ff7e00%22%2C%22part_color_2%22%3A%22%233224e9%22%2C%22part_color_3%22%3A%22%2369e9f2%22%2C%22extended_animation_pos_vertical%22%3A%2250%22%2C%22extended_animation_pos_horizont%22%3A%2250%22%2C%22sphere_width%22%3A%22100%22%2C%22particles_number%22%3A%2250%22%2C%22particles_size%22%3A%2210%22%2C%22particles_speed%22%3A%222%22%2C%22hover_anim%22%3A%22grab%22%2C%22image_bg%22%3A%221605%22%2C%22parallax_dir%22%3A%22vertical%22%2C%22parallax_factor%22%3A%220.2%22%2C%22particles_position_top%22%3A%22-40%22%2C%22particles_position_left%22%3A%22-50000%22%2C%22particles_width%22%3A%22100%22%2C%22particles_height%22%3A%22100%22%7D%5D&#8221; el_class=&#8221;extended-parallax-hide&#8221;][vc_column css=&#8221;.vc_custom_1553435478558{padding-top: 0px !important;padding-right: 80px !important;padding-left: 80px !important;background-color: #ffffff !important;border-radius: 5px !important;}&#8221; el_class=&#8221;.box-shadow&#8221;][wgl_spacing spacer_size=&#8221;45&#8243;][vc_row_inner el_class=&#8221;infobox-custom-line&#8221;][vc_column_inner width=&#8221;1\/3&#8243;][wgl_info_box ib_type=&#8221;bordered&#8221; ib_align=&#8221;center&#8221; icon_type=&#8221;font&#8221; icon_font_type=&#8221;type_flaticon&#8221; icon_flaticon=&#8221;flaticon-send-1&#8243; icon_color_idle=&#8221;#b70000&#8243; border_color=&#8221;#dee0ea&#8221; border_color_hover=&#8221;#dee0ea&#8221; ib_title=&#8221;H\u0131zl\u0131 Teslimat&#8221; ib_content=&#8221;M\u00fc\u015fteri memnuniyetini g\u00f6z \u00f6n\u00fcnde bulundurarak, d\u00fcnyaca \u00fcnl\u00fc markalar\u0131 g\u00fcvenli bir \u015fekilde uygun fiyatlarla d\u00fcnyaya ihra\u00e7 ediyoruz.&#8221; custom_icon_color=&#8221;true&#8221; custom_icon_bg_width=&#8221;100&#8243; custom_icon_bg_height=&#8221;100&#8243; custom_icon_radius=&#8221;100&#8243; [&hellip;]<\/p>\n","protected":false},"author":3,"featured_media":0,"parent":0,"menu_order":0,"comment_status":"closed","ping_status":"closed","template":"","meta":{"footnotes":""},"class_list":["post-1565","page","type-page","status-publish","hentry"],"_links":{"self":[{"href":"https:\/\/rossotrading.com\/tr\/wp-json\/wp\/v2\/pages\/1565"}],"collection":[{"href":"https:\/\/rossotrading.com\/tr\/wp-json\/wp\/v2\/pages"}],"about":[{"href":"https:\/\/rossotrading.com\/tr\/wp-json\/wp\/v2\/types\/page"}],"author":[{"embeddable":true,"href":"https:\/\/rossotrading.com\/tr\/wp-json\/wp\/v2\/users\/3"}],"replies":[{"embeddable":true,"href":"https:\/\/rossotrading.com\/tr\/wp-json\/wp\/v2\/comments?post=1565"}],"version-history":[{"count":9,"href":"https:\/\/rossotrading.com\/tr\/wp-json\/wp\/v2\/pages\/1565\/revisions"}],"predecessor-version":[{"id":3749,"href":"https:\/\/rossotrading.com\/tr\/wp-json\/wp\/v2\/pages\/1565\/revisions\/3749"}],"wp:attachment":[{"href":"https:\/\/rossotrading.com\/tr\/wp-json\/wp\/v2\/media?parent=1565"}],"curies":[{"name":"wp","href":"https:\/\/api.w.org\/{rel}","templated":true}]}}