{"id":446,"date":"2018-11-20T13:19:47","date_gmt":"2018-11-20T13:19:47","guid":{"rendered":"https:\/\/seofy.wgl-demo.net\/?page_id=446"},"modified":"2022-03-20T17:08:06","modified_gmt":"2022-03-20T17:08:06","slug":"hakkimizda","status":"publish","type":"page","link":"https:\/\/rossotrading.com\/tr\/hakkimizda\/","title":{"rendered":"Hakk\u0131m\u0131zda"},"content":{"rendered":"[vc_row full_width=&#8221;stretch_row&#8221;][vc_column][wgl_spacing spacer_size=&#8221;25&#8243; screen_tablet=&#8221;768&#8243; responsive_tablet=&#8221;true&#8221; size_tablet=&#8221;0&#8243;][vc_row_inner equal_height=&#8221;yes&#8221; content_placement=&#8221;middle&#8221;][vc_column_inner width=&#8221;1\/2&#8243; offset=&#8221;vc_col-lg-5&#8243;][wgl_double_headings title_color=&#8221;#252525&#8243; subtitle_color=&#8221;#ff7d00&#8243; title=&#8221;Hakk\u0131m\u0131zda&#8221; responsive_font=&#8221;true&#8221; font_size_mobile=&#8221;33&#8243;][wgl_spacing spacer_size=&#8221;20px&#8221;][wgl_custom_text font_size=&#8221;18&#8243;]Rosso Trading Firmas\u0131, misyon olarak FMCG end\u00fcstrisine ak\u0131lc\u0131 \u00e7\u00f6z\u00fcmler getirmeyi ilke edinmi\u015ftir. Firmam\u0131z, sahip oldu\u011fu profesyonel ekip ile h\u0131zl\u0131 teslimat s\u00fcresi ve g\u00fcvenirli\u011fi sa\u011flamaktad\u0131r. Y\u0131llard\u0131r al\u0131\u015fm\u0131\u015f oldu\u011funuz markalar\u0131n \u00fcr\u00fcnlerini en iyi fiyatla size sunar.<\/p>\n<p>\u015eirketimiz tipik perakende kanallar\u0131n\u0131n d\u0131\u015f\u0131nda; markan\u0131n varl\u0131\u011f\u0131n\u0131 geli\u015ftirmek i\u00e7in, h\u0131zl\u0131 t\u00fcketim mallar\u0131 \u00fcreticileriyle ortakl\u0131k kuruyor ve \u00fcr\u00fcnlerin tedari\u011fini m\u00fc\u015fterilerimiz i\u00e7in sa\u011fl\u0131yor.<\/p>\n<p>Firma olarak amac\u0131m\u0131z, m\u00fc\u015fterilerimiz ile g\u00fcven ve geli\u015fime dayal\u0131 uzun vadeli i\u015f ortakl\u0131klar\u0131 kurmakt\u0131r. Yapm\u0131\u015f oldu\u011fumuz yat\u0131r\u0131mlar m\u00fc\u015fterilerimize y\u00fcksek kalite ve d\u00fc\u015f\u00fck maliyet ile hizmet verebilmemize olanak sa\u011flamaktad\u0131r.<\/p>\n<p>Faaliyetlerimiz: Bilinen FMCG markalar\u0131n\u0131n \u00fcr\u00fcnlerinin ve marka bilinirli\u011fi olan di\u011fer g\u0131da d\u0131\u015f\u0131 \u00fcr\u00fcnlerin tedarik ve sat\u0131\u015f\u0131d\u0131r. Ayr\u0131ca m\u00fc\u015fterilerimizin t\u00fcm ihtiya\u00e7lar\u0131n\u0131 kar\u015f\u0131lamak i\u00e7in, tedari\u011fimizin s\u00fcrekli geli\u015fim i\u00e7inde olmas\u0131n\u0131 \u00f6nemsemekteyiz.[\/wgl_custom_text][wgl_spacing spacer_size=&#8221;18&#8243;][wgl_spacing spacer_size=&#8221;40&#8243;][wgl_spacing spacer_size=&#8221;40px&#8221; screen_tablet=&#8221;600&#8243; responsive_tablet=&#8221;true&#8221; size_tablet=&#8221;55&#8243;][\/vc_column_inner][vc_column_inner width=&#8221;1\/2&#8243; offset=&#8221;vc_col-lg-offset-1 vc_col-md-offset-0&#8243;][vc_single_image image=&#8221;3106&#8243; img_size=&#8221;large&#8221;][vc_column_text][\/vc_column_text][wgl_spacing spacer_size=&#8221;35px&#8221;][\/vc_column_inner][\/vc_row_inner][\/vc_column][\/vc_row][vc_row][vc_column css=&#8221;.vc_custom_1542801858058{margin-top: -270px !important;}&#8221;][vc_row_inner][vc_column_inner width=&#8221;1\/2&#8243; offset=&#8221;vc_col-md-4&#8243;][wgl_spacing spacer_size=&#8221;35&#8243;][\/vc_column_inner][\/vc_row_inner][wgl_spacing spacer_size=&#8221;64&#8243; screen_tablet=&#8221;768&#8243; responsive_tablet=&#8221;true&#8221; size_tablet=&#8221;45&#8243;][\/vc_column][\/vc_row]\n","protected":false},"excerpt":{"rendered":"<p>[vc_row full_width=&#8221;stretch_row&#8221;][vc_column][wgl_spacing spacer_size=&#8221;25&#8243; screen_tablet=&#8221;768&#8243; responsive_tablet=&#8221;true&#8221; size_tablet=&#8221;0&#8243;][vc_row_inner equal_height=&#8221;yes&#8221; content_placement=&#8221;middle&#8221;][vc_column_inner width=&#8221;1\/2&#8243; offset=&#8221;vc_col-lg-5&#8243;][wgl_double_headings title_color=&#8221;#252525&#8243; subtitle_color=&#8221;#ff7d00&#8243; title=&#8221;Hakk\u0131m\u0131zda&#8221; responsive_font=&#8221;true&#8221; font_size_mobile=&#8221;33&#8243;][wgl_spacing spacer_size=&#8221;20px&#8221;][wgl_custom_text font_size=&#8221;18&#8243;]Rosso Trading Firmas\u0131, misyon olarak FMCG end\u00fcstrisine ak\u0131lc\u0131 \u00e7\u00f6z\u00fcmler getirmeyi ilke edinmi\u015ftir. Firmam\u0131z, sahip oldu\u011fu profesyonel ekip ile h\u0131zl\u0131 teslimat s\u00fcresi ve g\u00fcvenirli\u011fi sa\u011flamaktad\u0131r. Y\u0131llard\u0131r al\u0131\u015fm\u0131\u015f oldu\u011funuz markalar\u0131n \u00fcr\u00fcnlerini en iyi fiyatla size sunar. \u015eirketimiz tipik perakende kanallar\u0131n\u0131n d\u0131\u015f\u0131nda; [&hellip;]<\/p>\n","protected":false},"author":3,"featured_media":0,"parent":0,"menu_order":0,"comment_status":"closed","ping_status":"closed","template":"","meta":{"footnotes":""},"class_list":["post-446","page","type-page","status-publish","hentry"],"_links":{"self":[{"href":"https:\/\/rossotrading.com\/tr\/wp-json\/wp\/v2\/pages\/446"}],"collection":[{"href":"https:\/\/rossotrading.com\/tr\/wp-json\/wp\/v2\/pages"}],"about":[{"href":"https:\/\/rossotrading.com\/tr\/wp-json\/wp\/v2\/types\/page"}],"author":[{"embeddable":true,"href":"https:\/\/rossotrading.com\/tr\/wp-json\/wp\/v2\/users\/3"}],"replies":[{"embeddable":true,"href":"https:\/\/rossotrading.com\/tr\/wp-json\/wp\/v2\/comments?post=446"}],"version-history":[{"count":0,"href":"https:\/\/rossotrading.com\/tr\/wp-json\/wp\/v2\/pages\/446\/revisions"}],"wp:attachment":[{"href":"https:\/\/rossotrading.com\/tr\/wp-json\/wp\/v2\/media?parent=446"}],"curies":[{"name":"wp","href":"https:\/\/api.w.org\/{rel}","templated":true}]}}