{"id":450,"date":"2018-11-20T13:27:59","date_gmt":"2018-11-20T13:27:59","guid":{"rendered":"https:\/\/seofy.wgl-demo.net\/?page_id=450"},"modified":"2024-08-29T20:47:38","modified_gmt":"2024-08-29T20:47:38","slug":"iletisim","status":"publish","type":"page","link":"https:\/\/rossotrading.com\/tr\/iletisim\/","title":{"rendered":"\u0130leti\u015fim"},"content":{"rendered":"[vc_row][vc_column width=&#8221;1\/2&#8243;][wgl_double_headings title_color=&#8221;#252525&#8243; subtitle_color=&#8221;#ff7d00&#8243; title=&#8221;\u0130leti\u015fim ve Sipari\u015f Formu&#8221;][wgl_spacing spacer_size=&#8221;20px&#8221;][wgl_custom_text font_size=&#8221;18&#8243;]\u0130leti\u015fim ve Sipari\u015fleriniz \u0130\u00e7in Formu Doldurarak Bizimle \u0130leti\u015fime Ge\u00e7ebilirsiniz. En K\u0131sa S\u00fcrede Size D\u00f6n\u00fc\u015f Sa\u011flayaca\u011f\u0131z.[\/wgl_custom_text][wgl_spacing spacer_size=&#8221;26&#8243;][wgl_info_box ib_layout=&#8221;left&#8221; icon_type=&#8221;font&#8221; icon_font_type=&#8221;type_flaticon&#8221; icon_flaticon=&#8221;flaticon-map&#8221; icon_shadow_style=&#8221;always&#8221; icon_color_type=&#8221;gradient&#8221; icon_color_gradient_start=&#8221;#c40000&#8243; icon_color_gradient_end=&#8221;#ff2d1e&#8221; icon_bg_color_hover=&#8221;#ffffff&#8221; title_size=&#8221;18&#8243; title_weight=&#8221;700&#8243; title_bot_offset=&#8221;0&#8243; content_size=&#8221;18&#8243; icon_color=&#8221;#ffffff&#8221; ib_title=&#8221;Adres:&#8221; ib_content=&#8221;Akevler mah. 1059sk. No:8\/10 Almina Tower Esenyurt \u0130STANBUL 34513&#8243; custom_icon_size=&#8221;25&#8243; custom_icon_bg_color=&#8221;true&#8221; custom_icon_color=&#8221;true&#8221; custom_icon_bg_width=&#8221;50&#8243; custom_icon_bg_height=&#8221;50&#8243; custom_icon_side_offset=&#8221;25&#8243; add_icon_shadow=&#8221;true&#8221;][wgl_spacing spacer_size=&#8221;21&#8243;][wgl_info_box ib_layout=&#8221;left&#8221; icon_type=&#8221;font&#8221; icon_font_type=&#8221;type_flaticon&#8221; icon_flaticon=&#8221;flaticon-mail&#8221; icon_shadow_style=&#8221;always&#8221; icon_color_type=&#8221;gradient&#8221; icon_color_gradient_start=&#8221;#c40000&#8243; icon_color_gradient_end=&#8221;#ff2d1e&#8221; icon_bg_color_hover=&#8221;#ffffff&#8221; title_size=&#8221;18&#8243; title_weight=&#8221;700&#8243; title_bot_offset=&#8221;0&#8243; content_size=&#8221;18&#8243; icon_color=&#8221;#ffffff&#8221; ib_title=&#8221;E-mail:&#8221; ib_content=&#8221;info@rossotrading.com&#8221; custom_icon_size=&#8221;25&#8243; custom_icon_bg_color=&#8221;true&#8221; custom_icon_color=&#8221;true&#8221; custom_icon_bg_width=&#8221;50&#8243; custom_icon_bg_height=&#8221;50&#8243; custom_icon_side_offset=&#8221;25&#8243; add_icon_shadow=&#8221;true&#8221;][wgl_spacing spacer_size=&#8221;21&#8243;][wgl_info_box ib_layout=&#8221;left&#8221; icon_type=&#8221;font&#8221; icon_font_type=&#8221;type_flaticon&#8221; icon_flaticon=&#8221;flaticon-phone&#8221; icon_shadow_style=&#8221;always&#8221; icon_color_type=&#8221;gradient&#8221; icon_color_gradient_start=&#8221;#c40000&#8243; icon_color_gradient_end=&#8221;#ff2d1e&#8221; icon_bg_color_hover=&#8221;#ffffff&#8221; title_size=&#8221;18&#8243; title_weight=&#8221;700&#8243; title_bot_offset=&#8221;0&#8243; content_size=&#8221;18&#8243; icon_color=&#8221;#ffffff&#8221; ib_title=&#8221;Telefon:&#8221; ib_content=&#8221;+90 533 208 93 75&#8243; custom_icon_size=&#8221;25&#8243; custom_icon_bg_color=&#8221;true&#8221; custom_icon_color=&#8221;true&#8221; custom_icon_bg_width=&#8221;50&#8243; custom_icon_bg_height=&#8221;50&#8243; custom_icon_side_offset=&#8221;25&#8243; add_icon_shadow=&#8221;true&#8221;][wgl_spacing spacer_size=&#8221;21&#8243;][\/vc_column][vc_column width=&#8221;1\/2&#8243; css=&#8221;.vc_custom_1542726949648{margin-top: 11px !important;}&#8221;][vc_column_text el_class=&#8221;box-shadow&#8221; css=&#8221;.vc_custom_1646796811387{padding-top: 30px !important;padding-right: 38px !important;padding-bottom: 5px !important;padding-left: 38px !important;border-radius: 5px !important;}&#8221;]\n<h4 style=\"margin-bottom: 30px;\"><span style=\"font-weight: bold;\" class=\"custom-weight\">Sipari\u015f Formu<\/span><\/h4>\n\n<div class=\"wpcf7 no-js\" id=\"wpcf7-f466-o1\" lang=\"en-US\" dir=\"ltr\" data-wpcf7-id=\"466\">\n<div class=\"screen-reader-response\"><p role=\"status\" aria-live=\"polite\" aria-atomic=\"true\"><\/p> <ul><\/ul><\/div>\n<form action=\"\/tr\/wp-json\/wp\/v2\/pages\/450#wpcf7-f466-o1\" method=\"post\" class=\"wpcf7-form init\" aria-label=\"Contact form\" novalidate=\"novalidate\" data-status=\"init\">\n<div style=\"display: none;\">\n<input type=\"hidden\" name=\"_wpcf7\" value=\"466\" \/>\n<input type=\"hidden\" name=\"_wpcf7_version\" value=\"6.0.6\" \/>\n<input type=\"hidden\" name=\"_wpcf7_locale\" value=\"en_US\" \/>\n<input type=\"hidden\" name=\"_wpcf7_unit_tag\" value=\"wpcf7-f466-o1\" \/>\n<input type=\"hidden\" name=\"_wpcf7_container_post\" value=\"0\" \/>\n<input type=\"hidden\" name=\"_wpcf7_posted_data_hash\" value=\"\" \/>\n<\/div>\n<div class='row'>\n\t<div class='wgl_col-12'>\n\t\t<p><span class=\"wpcf7-form-control-wrap\" data-name=\"text-759\"><input size=\"40\" maxlength=\"400\" class=\"wpcf7-form-control wpcf7-text\" aria-invalid=\"false\" placeholder=\"Name *\" value=\"\" type=\"text\" name=\"text-759\" \/><\/span>\n\t\t<\/p>\n\t<\/div>\n\t<div class='wgl_col-12'>\n\t\t<p><span class=\"wpcf7-form-control-wrap\" data-name=\"email-613\"><input size=\"40\" maxlength=\"400\" class=\"wpcf7-form-control wpcf7-email wpcf7-text wpcf7-validates-as-email\" aria-invalid=\"false\" placeholder=\"Email *\" value=\"\" type=\"email\" name=\"email-613\" \/><\/span>\n\t\t<\/p>\n\t<\/div>\n\t<div class='wgl_col-12'>\n\t\t<p><span class=\"wpcf7-form-control-wrap\" data-name=\"textarea-378\"><textarea cols=\"40\" rows=\"10\" maxlength=\"2000\" class=\"wpcf7-form-control wpcf7-textarea\" aria-invalid=\"false\" placeholder=\"Message\" name=\"textarea-378\"><\/textarea><\/span>\n\t\t<\/p>\n\t<\/div>\n<\/div>\n<p><input class=\"wpcf7-form-control wpcf7-submit has-spinner\" type=\"submit\" value=\"Send\" \/>\n<\/p><input type='hidden' class='wpcf7-pum' value='{\"closepopup\":false,\"closedelay\":0,\"openpopup\":false,\"openpopup_id\":0}' \/><div class=\"wpcf7-response-output\" aria-hidden=\"true\"><\/div>\n<\/form>\n<\/div>\n[\/vc_column_text][\/vc_column][\/vc_row]\n","protected":false},"excerpt":{"rendered":"<p>[vc_row][vc_column width=&#8221;1\/2&#8243;][wgl_double_headings title_color=&#8221;#252525&#8243; subtitle_color=&#8221;#ff7d00&#8243; title=&#8221;\u0130leti\u015fim ve Sipari\u015f Formu&#8221;][wgl_spacing spacer_size=&#8221;20px&#8221;][wgl_custom_text font_size=&#8221;18&#8243;]\u0130leti\u015fim ve Sipari\u015fleriniz \u0130\u00e7in Formu Doldurarak Bizimle \u0130leti\u015fime Ge\u00e7ebilirsiniz. En K\u0131sa S\u00fcrede Size D\u00f6n\u00fc\u015f Sa\u011flayaca\u011f\u0131z.[\/wgl_custom_text][wgl_spacing spacer_size=&#8221;26&#8243;][wgl_info_box ib_layout=&#8221;left&#8221; icon_type=&#8221;font&#8221; icon_font_type=&#8221;type_flaticon&#8221; icon_flaticon=&#8221;flaticon-map&#8221; icon_shadow_style=&#8221;always&#8221; icon_color_type=&#8221;gradient&#8221; icon_color_gradient_start=&#8221;#c40000&#8243; icon_color_gradient_end=&#8221;#ff2d1e&#8221; icon_bg_color_hover=&#8221;#ffffff&#8221; title_size=&#8221;18&#8243; title_weight=&#8221;700&#8243; title_bot_offset=&#8221;0&#8243; content_size=&#8221;18&#8243; icon_color=&#8221;#ffffff&#8221; ib_title=&#8221;Adres:&#8221; ib_content=&#8221;Akevler mah. 1059sk. No:8\/10 Almina Tower Esenyurt \u0130STANBUL 34513&#8243; custom_icon_size=&#8221;25&#8243; custom_icon_bg_color=&#8221;true&#8221; custom_icon_color=&#8221;true&#8221; custom_icon_bg_width=&#8221;50&#8243; custom_icon_bg_height=&#8221;50&#8243; custom_icon_side_offset=&#8221;25&#8243; [&hellip;]<\/p>\n","protected":false},"author":3,"featured_media":0,"parent":0,"menu_order":0,"comment_status":"closed","ping_status":"closed","template":"","meta":{"footnotes":""},"class_list":["post-450","page","type-page","status-publish","hentry"],"_links":{"self":[{"href":"https:\/\/rossotrading.com\/tr\/wp-json\/wp\/v2\/pages\/450"}],"collection":[{"href":"https:\/\/rossotrading.com\/tr\/wp-json\/wp\/v2\/pages"}],"about":[{"href":"https:\/\/rossotrading.com\/tr\/wp-json\/wp\/v2\/types\/page"}],"author":[{"embeddable":true,"href":"https:\/\/rossotrading.com\/tr\/wp-json\/wp\/v2\/users\/3"}],"replies":[{"embeddable":true,"href":"https:\/\/rossotrading.com\/tr\/wp-json\/wp\/v2\/comments?post=450"}],"version-history":[{"count":3,"href":"https:\/\/rossotrading.com\/tr\/wp-json\/wp\/v2\/pages\/450\/revisions"}],"predecessor-version":[{"id":3759,"href":"https:\/\/rossotrading.com\/tr\/wp-json\/wp\/v2\/pages\/450\/revisions\/3759"}],"wp:attachment":[{"href":"https:\/\/rossotrading.com\/tr\/wp-json\/wp\/v2\/media?parent=450"}],"curies":[{"name":"wp","href":"https:\/\/api.w.org\/{rel}","templated":true}]}}